{"id":46150,"date":"2025-05-23T09:59:59","date_gmt":"2025-05-23T07:59:59","guid":{"rendered":"https:\/\/pizzamuseum.com\/product\/round-cutting-board-for-serving-wood-effect-diameter-40cm-black-color\/"},"modified":"2026-02-10T15:49:46","modified_gmt":"2026-02-10T14:49:46","slug":"round-cutting-board-for-serving-wood-effect-diameter-40cm-black-color","status":"publish","type":"product","link":"https:\/\/pizzamuseum.com\/en\/product\/round-cutting-board-for-serving-wood-effect-diameter-40cm-black-color\/","title":{"rendered":"Tagliere rotondo per il servizio, effetto legno, diametro 40cm COLORE NERO"},"content":{"rendered":"<p>SUPER PREZZO PER ELIMINAZIONE LINEA<\/p>\n<p>Tagliere in robusto polietilene alta densit\u00e0 per servire pizza, antipasti, aperitivi, e tutto ci\u00f2 che la fantasia consiglia.<br \/>\nEffetto legno nero ma con la praticit\u00e0, l&#8217;igiene e la robustezza del polietilene.<br \/>\nLavabile in lavastoviglie.<br \/>\nAtossico.<br \/>\nSegue le norme HACCP.<br \/>\nDisponibile in diversi formati e misure.<\/p>\n<p>Made in Italy.<\/p>\n","protected":false},"excerpt":{"rendered":"<p>SUPER PREZZO PER ELIMINAZIONE LINEA Tagliere in robusto polietilene alta densit\u00e0 per servire pizza, antipasti, aperitivi, e tutto ci\u00f2 che la fantasia consiglia. Effetto legno nero ma con la praticit\u00e0, l&#8217;igiene e la robustezza del polietilene. Lavabile in lavastoviglie. Atossico. Segue le norme HACCP. Disponibile in diversi formati e misure. Made in Italy.<\/p>\n","protected":false},"featured_media":45354,"template":"","meta":[],"product_brand":[1446],"product_cat":[682,683],"product_tag":[],"class_list":{"0":"post-46150","1":"product","2":"type-product","3":"status-publish","4":"has-post-thumbnail","6":"product_brand-mc-ristorazione","7":"product_cat-servire-ed-esporre-la-pizza","8":"product_cat-taglieri-vassoi-per-lesposizione-rotondi","10":"first","11":"instock","12":"taxable","13":"shipping-taxable","14":"purchasable","15":"product-type-simple"},"aioseo_notices":[],"_links":{"self":[{"href":"https:\/\/pizzamuseum.com\/en\/wp-json\/wp\/v2\/product\/46150","targetHints":{"allow":["GET"]}}],"collection":[{"href":"https:\/\/pizzamuseum.com\/en\/wp-json\/wp\/v2\/product"}],"about":[{"href":"https:\/\/pizzamuseum.com\/en\/wp-json\/wp\/v2\/types\/product"}],"wp:featuredmedia":[{"embeddable":true,"href":"https:\/\/pizzamuseum.com\/en\/wp-json\/wp\/v2\/media\/45354"}],"wp:attachment":[{"href":"https:\/\/pizzamuseum.com\/en\/wp-json\/wp\/v2\/media?parent=46150"}],"wp:term":[{"taxonomy":"product_brand","embeddable":true,"href":"https:\/\/pizzamuseum.com\/en\/wp-json\/wp\/v2\/product_brand?post=46150"},{"taxonomy":"product_cat","embeddable":true,"href":"https:\/\/pizzamuseum.com\/en\/wp-json\/wp\/v2\/product_cat?post=46150"},{"taxonomy":"product_tag","embeddable":true,"href":"https:\/\/pizzamuseum.com\/en\/wp-json\/wp\/v2\/product_tag?post=46150"}],"curies":[{"name":"wp","href":"https:\/\/api.w.org\/{rel}","templated":true}]}}